{"id":246,"date":"2022-04-26T16:38:19","date_gmt":"2022-04-26T14:38:19","guid":{"rendered":"https:\/\/ilconvento-lp.ms.decms.eu\/?page_id=246"},"modified":"2022-04-26T16:38:19","modified_gmt":"2022-04-26T14:38:19","slug":"zambrone","status":"publish","type":"page","link":"https:\/\/www.ilconvento.com\/it\/zambrone\/","title":{"rendered":"Zambrone"},"content":{"rendered":"<p>Le spiagge di Zambrone si trovano un poco pi\u00f9 a nord, dove il litorale \u00e8 vario e discontinuo. La costa a volte, infatti, \u00e8 frastagliata con numerose calette rocciose a tratti invece la sua sabbia \u00e8 fine. Interessante \u00e8 il suggestivo Scoglio della Galera costituito da tante cavit\u00e0 a forma di cellette. Le acque del mare sono cristalline e incredibilmente trasparenti, ideali per nuotare e fare il bagno. Potete inoltre godere della pace e dell\u2019incredibile fauna marina nella piccola e un po\u2019 segreta Baia Paradiso del Sub.<\/p>\n","protected":false},"excerpt":{"rendered":"<p>Le spiagge di Zambrone si trovano un poco pi\u00f9 a nord, dove il litorale \u00e8 vario e discontinuo. La costa a volte, infatti, \u00e8 frastagliata con numerose calette rocciose a tratti invece la sua sabbia \u00e8 fine. Interessante \u00e8 il suggestivo Scoglio della Galera costituito da tante cavit\u00e0 a forma di cellette. Le acque del [&hellip;]<\/p>\n","protected":false},"author":13,"featured_media":0,"parent":0,"menu_order":90,"comment_status":"closed","ping_status":"closed","template":"","meta":{"footnotes":""},"class_list":["post-246","page","type-page","status-publish","hentry"],"yoast_head":"<!-- This site is optimized with the Yoast SEO plugin v26.9 - https:\/\/yoast.com\/product\/yoast-seo-wordpress\/ -->\n<title>Zambrone &#8902; Il Convento &#8902;<\/title>\n<meta name=\"description\" content=\"Le spiagge di Zambrone si trovano un poco pi\u00f9 a nord, dove il litorale \u00e8 vario e discontinuo. La costa a volte, infatti, \u00e8 frastagliata con numerose calette rocciose a tratti invece la sua sabbia \u00e8 fine\" \/>\n<meta name=\"robots\" content=\"index, follow, max-snippet:-1, max-image-preview:large, max-video-preview:-1\" \/>\n<link rel=\"canonical\" href=\"https:\/\/www.ilconvento.com\/it\/zambrone\/\" \/>\n<meta property=\"og:locale\" content=\"it_IT\" \/>\n<meta property=\"og:type\" content=\"article\" \/>\n<meta property=\"og:title\" content=\"Zambrone &#8902; Il Convento &#8902;\" \/>\n<meta property=\"og:description\" content=\"Le spiagge di Zambrone si trovano un poco pi\u00f9 a nord, dove il litorale \u00e8 vario e discontinuo. La costa a volte, infatti, \u00e8 frastagliata con numerose calette rocciose a tratti invece la sua sabbia \u00e8 fine\" \/>\n<meta property=\"og:url\" content=\"https:\/\/www.ilconvento.com\/it\/zambrone\/\" \/>\n<meta property=\"og:site_name\" content=\"Il Convento\" \/>\n<meta name=\"twitter:card\" content=\"summary_large_image\" \/>\n<script type=\"application\/ld+json\" class=\"yoast-schema-graph\">{\"@context\":\"https:\/\/schema.org\",\"@graph\":[{\"@type\":\"WebPage\",\"@id\":\"https:\/\/www.ilconvento.com\/it\/zambrone\/\",\"url\":\"https:\/\/www.ilconvento.com\/it\/zambrone\/\",\"name\":\"Zambrone &#8902; Il Convento &#8902;\",\"isPartOf\":{\"@id\":\"https:\/\/www.ilconvento.com\/it\/#website\"},\"datePublished\":\"2022-04-26T14:38:19+00:00\",\"description\":\"Le spiagge di Zambrone si trovano un poco pi\u00f9 a nord, dove il litorale \u00e8 vario e discontinuo. La costa a volte, infatti, \u00e8 frastagliata con numerose calette rocciose a tratti invece la sua sabbia \u00e8 fine\",\"breadcrumb\":{\"@id\":\"https:\/\/www.ilconvento.com\/it\/zambrone\/#breadcrumb\"},\"inLanguage\":\"it-IT\",\"potentialAction\":[{\"@type\":\"ReadAction\",\"target\":[\"https:\/\/www.ilconvento.com\/it\/zambrone\/\"]}]},{\"@type\":\"BreadcrumbList\",\"@id\":\"https:\/\/www.ilconvento.com\/it\/zambrone\/#breadcrumb\",\"itemListElement\":[{\"@type\":\"ListItem\",\"position\":1,\"name\":\"Home\",\"item\":\"https:\/\/www.ilconvento.com\/it\/\"},{\"@type\":\"ListItem\",\"position\":2,\"name\":\"Zambrone\"}]},{\"@type\":\"WebSite\",\"@id\":\"https:\/\/www.ilconvento.com\/it\/#website\",\"url\":\"https:\/\/www.ilconvento.com\/it\/\",\"name\":\"Il Convento\",\"description\":\"Ecco un altro sito ms.decms.eu\",\"potentialAction\":[{\"@type\":\"SearchAction\",\"target\":{\"@type\":\"EntryPoint\",\"urlTemplate\":\"https:\/\/www.ilconvento.com\/it\/?s={search_term_string}\"},\"query-input\":{\"@type\":\"PropertyValueSpecification\",\"valueRequired\":true,\"valueName\":\"search_term_string\"}}],\"inLanguage\":\"it-IT\"}]}<\/script>\n<!-- \/ Yoast SEO plugin. -->","yoast_head_json":{"title":"Zambrone &#8902; Il Convento &#8902;","description":"Le spiagge di Zambrone si trovano un poco pi\u00f9 a nord, dove il litorale \u00e8 vario e discontinuo. La costa a volte, infatti, \u00e8 frastagliata con numerose calette rocciose a tratti invece la sua sabbia \u00e8 fine","robots":{"index":"index","follow":"follow","max-snippet":"max-snippet:-1","max-image-preview":"max-image-preview:large","max-video-preview":"max-video-preview:-1"},"canonical":"https:\/\/www.ilconvento.com\/it\/zambrone\/","og_locale":"it_IT","og_type":"article","og_title":"Zambrone &#8902; Il Convento &#8902;","og_description":"Le spiagge di Zambrone si trovano un poco pi\u00f9 a nord, dove il litorale \u00e8 vario e discontinuo. La costa a volte, infatti, \u00e8 frastagliata con numerose calette rocciose a tratti invece la sua sabbia \u00e8 fine","og_url":"https:\/\/www.ilconvento.com\/it\/zambrone\/","og_site_name":"Il Convento","twitter_card":"summary_large_image","schema":{"@context":"https:\/\/schema.org","@graph":[{"@type":"WebPage","@id":"https:\/\/www.ilconvento.com\/it\/zambrone\/","url":"https:\/\/www.ilconvento.com\/it\/zambrone\/","name":"Zambrone &#8902; Il Convento &#8902;","isPartOf":{"@id":"https:\/\/www.ilconvento.com\/it\/#website"},"datePublished":"2022-04-26T14:38:19+00:00","description":"Le spiagge di Zambrone si trovano un poco pi\u00f9 a nord, dove il litorale \u00e8 vario e discontinuo. La costa a volte, infatti, \u00e8 frastagliata con numerose calette rocciose a tratti invece la sua sabbia \u00e8 fine","breadcrumb":{"@id":"https:\/\/www.ilconvento.com\/it\/zambrone\/#breadcrumb"},"inLanguage":"it-IT","potentialAction":[{"@type":"ReadAction","target":["https:\/\/www.ilconvento.com\/it\/zambrone\/"]}]},{"@type":"BreadcrumbList","@id":"https:\/\/www.ilconvento.com\/it\/zambrone\/#breadcrumb","itemListElement":[{"@type":"ListItem","position":1,"name":"Home","item":"https:\/\/www.ilconvento.com\/it\/"},{"@type":"ListItem","position":2,"name":"Zambrone"}]},{"@type":"WebSite","@id":"https:\/\/www.ilconvento.com\/it\/#website","url":"https:\/\/www.ilconvento.com\/it\/","name":"Il Convento","description":"Ecco un altro sito ms.decms.eu","potentialAction":[{"@type":"SearchAction","target":{"@type":"EntryPoint","urlTemplate":"https:\/\/www.ilconvento.com\/it\/?s={search_term_string}"},"query-input":{"@type":"PropertyValueSpecification","valueRequired":true,"valueName":"search_term_string"}}],"inLanguage":"it-IT"}]}},"acf":[],"_links":{"self":[{"href":"https:\/\/www.ilconvento.com\/it\/wp-json\/wp\/v2\/pages\/246","targetHints":{"allow":["GET"]}}],"collection":[{"href":"https:\/\/www.ilconvento.com\/it\/wp-json\/wp\/v2\/pages"}],"about":[{"href":"https:\/\/www.ilconvento.com\/it\/wp-json\/wp\/v2\/types\/page"}],"author":[{"embeddable":true,"href":"https:\/\/www.ilconvento.com\/it\/wp-json\/wp\/v2\/users\/13"}],"replies":[{"embeddable":true,"href":"https:\/\/www.ilconvento.com\/it\/wp-json\/wp\/v2\/comments?post=246"}],"version-history":[{"count":0,"href":"https:\/\/www.ilconvento.com\/it\/wp-json\/wp\/v2\/pages\/246\/revisions"}],"wp:attachment":[{"href":"https:\/\/www.ilconvento.com\/it\/wp-json\/wp\/v2\/media?parent=246"}],"curies":[{"name":"wp","href":"https:\/\/api.w.org\/{rel}","templated":true}]}}