{"id":233,"date":"2022-04-26T16:34:19","date_gmt":"2022-04-26T14:34:19","guid":{"rendered":"https:\/\/ilconvento-lp.ms.decms.eu\/?page_id=233"},"modified":"2022-04-26T16:34:19","modified_gmt":"2022-04-26T14:34:19","slug":"tropea-2","status":"publish","type":"page","link":"https:\/\/www.ilconvento.com\/fr\/tropea-2\/","title":{"rendered":"Tropea"},"content":{"rendered":"<div class=\"col-xs-16\">\n<div class=\"body\">\n<p>La plage de Tropea a \u00e9t\u00e9 classifi\u00e9e par le prestigieux Sunday Times comme une des plus belles plages d\u2019Europe.<\/p>\n<p>Son sable est blanc et fin, sa mer turquoise et cristalline, le fond de la mer est visible aussi \u00e0 une certaine profondeur gr\u00e2ce \u00e0 l\u2019incroyable transparence de l\u2019eau. C\u2019est possible de prendre des bains exceptionnels, longues baignades et pratiquer toutes les activit\u00e9s marines, d\u00e8s la plong\u00e9e jusqu\u2019\u00e0 la p\u00eache.<\/p>\n<p>Ce n\u2019est pas n\u00e9cessaire une voiture, vous pouvez d\u00e9cider si pr\u00e9f\u00e9rer la plage libre ou si se faire g\u00e2ter par un des Lido, en combinant grands restaurants avec tous les services dont vous aviez besoin.<\/p>\n<\/div>\n<\/div>\n","protected":false},"excerpt":{"rendered":"<p>La plage de Tropea a \u00e9t\u00e9 classifi\u00e9e par le prestigieux Sunday Times comme une des plus belles plages d\u2019Europe. Son sable est blanc et fin, sa mer turquoise et cristalline, le fond de la mer est visible aussi \u00e0 une certaine profondeur gr\u00e2ce \u00e0 l\u2019incroyable transparence de l\u2019eau. C\u2019est possible de prendre des bains exceptionnels, [&hellip;]<\/p>\n","protected":false},"author":13,"featured_media":0,"parent":0,"menu_order":70,"comment_status":"closed","ping_status":"closed","template":"","meta":{"footnotes":""},"class_list":["post-233","page","type-page","status-publish","hentry"],"yoast_head":"<!-- This site is optimized with the Yoast SEO plugin v26.9 - https:\/\/yoast.com\/product\/yoast-seo-wordpress\/ -->\n<title>Tropea &#8902; Il Convento &#8902;<\/title>\n<meta name=\"description\" content=\"La plage de Tropea a \u00e9t\u00e9 classifi\u00e9e par le prestigieux Sunday Times comme une des plus belles plages d\u2019Europe.  Son sable est blanc et fin, sa mer turquoise et cristalline, le fond de la mer est visible aussi \u00e0 une certaine profondeur gr\u00e2ce \u00e0 l\u2019incroyable transparence de l\u2019eau. C\u2019est possible de prendre des bains exceptionnels, longues baignades et pratiquer toutes les activit\u00e9s marines, d\u00e8s la plong\u00e9e jusqu\u2019\u00e0 la p\u00eache.  Ce n\u2019est pas n\u00e9cessaire une voiture, vous pouvez d\u00e9cider si pr\u00e9f\u00e9rer la plage libre ou si se faire g\u00e2ter par un des Lido, en combinant grands restaurants avec tous les services dont vous aviez besoin.\" \/>\n<meta name=\"robots\" content=\"index, follow, max-snippet:-1, max-image-preview:large, max-video-preview:-1\" \/>\n<link rel=\"canonical\" href=\"https:\/\/www.ilconvento.com\/fr\/tropea-2\/\" \/>\n<meta property=\"og:locale\" content=\"fr_FR\" \/>\n<meta property=\"og:type\" content=\"article\" \/>\n<meta property=\"og:title\" content=\"Tropea &#8902; Il Convento &#8902;\" \/>\n<meta property=\"og:description\" content=\"La plage de Tropea a \u00e9t\u00e9 classifi\u00e9e par le prestigieux Sunday Times comme une des plus belles plages d\u2019Europe.  Son sable est blanc et fin, sa mer turquoise et cristalline, le fond de la mer est visible aussi \u00e0 une certaine profondeur gr\u00e2ce \u00e0 l\u2019incroyable transparence de l\u2019eau. C\u2019est possible de prendre des bains exceptionnels, longues baignades et pratiquer toutes les activit\u00e9s marines, d\u00e8s la plong\u00e9e jusqu\u2019\u00e0 la p\u00eache.  Ce n\u2019est pas n\u00e9cessaire une voiture, vous pouvez d\u00e9cider si pr\u00e9f\u00e9rer la plage libre ou si se faire g\u00e2ter par un des Lido, en combinant grands restaurants avec tous les services dont vous aviez besoin.\" \/>\n<meta property=\"og:url\" content=\"https:\/\/www.ilconvento.com\/fr\/tropea-2\/\" \/>\n<meta property=\"og:site_name\" content=\"Il Convento\" \/>\n<meta name=\"twitter:card\" content=\"summary_large_image\" \/>\n<meta name=\"twitter:label1\" content=\"Dur\u00e9e de lecture estim\u00e9e\" \/>\n\t<meta name=\"twitter:data1\" content=\"1 minute\" \/>\n<script type=\"application\/ld+json\" class=\"yoast-schema-graph\">{\"@context\":\"https:\/\/schema.org\",\"@graph\":[{\"@type\":\"WebPage\",\"@id\":\"https:\/\/www.ilconvento.com\/fr\/tropea-2\/\",\"url\":\"https:\/\/www.ilconvento.com\/fr\/tropea-2\/\",\"name\":\"Tropea &#8902; Il Convento &#8902;\",\"isPartOf\":{\"@id\":\"https:\/\/www.ilconvento.com\/fr\/#website\"},\"datePublished\":\"2022-04-26T14:34:19+00:00\",\"description\":\"La plage de Tropea a \u00e9t\u00e9 classifi\u00e9e par le prestigieux Sunday Times comme une des plus belles plages d\u2019Europe. Son sable est blanc et fin, sa mer turquoise et cristalline, le fond de la mer est visible aussi \u00e0 une certaine profondeur gr\u00e2ce \u00e0 l\u2019incroyable transparence de l\u2019eau. C\u2019est possible de prendre des bains exceptionnels, longues baignades et pratiquer toutes les activit\u00e9s marines, d\u00e8s la plong\u00e9e jusqu\u2019\u00e0 la p\u00eache. Ce n\u2019est pas n\u00e9cessaire une voiture, vous pouvez d\u00e9cider si pr\u00e9f\u00e9rer la plage libre ou si se faire g\u00e2ter par un des Lido, en combinant grands restaurants avec tous les services dont vous aviez besoin.\",\"breadcrumb\":{\"@id\":\"https:\/\/www.ilconvento.com\/fr\/tropea-2\/#breadcrumb\"},\"inLanguage\":\"fr-FR\",\"potentialAction\":[{\"@type\":\"ReadAction\",\"target\":[\"https:\/\/www.ilconvento.com\/fr\/tropea-2\/\"]}]},{\"@type\":\"BreadcrumbList\",\"@id\":\"https:\/\/www.ilconvento.com\/fr\/tropea-2\/#breadcrumb\",\"itemListElement\":[{\"@type\":\"ListItem\",\"position\":1,\"name\":\"Home\",\"item\":\"https:\/\/www.ilconvento.com\/fr\/\"},{\"@type\":\"ListItem\",\"position\":2,\"name\":\"Tropea\"}]},{\"@type\":\"WebSite\",\"@id\":\"https:\/\/www.ilconvento.com\/fr\/#website\",\"url\":\"https:\/\/www.ilconvento.com\/fr\/\",\"name\":\"Il Convento\",\"description\":\"Ecco un altro sito ms.decms.eu\",\"potentialAction\":[{\"@type\":\"SearchAction\",\"target\":{\"@type\":\"EntryPoint\",\"urlTemplate\":\"https:\/\/www.ilconvento.com\/fr\/?s={search_term_string}\"},\"query-input\":{\"@type\":\"PropertyValueSpecification\",\"valueRequired\":true,\"valueName\":\"search_term_string\"}}],\"inLanguage\":\"fr-FR\"}]}<\/script>\n<!-- \/ Yoast SEO plugin. -->","yoast_head_json":{"title":"Tropea &#8902; Il Convento &#8902;","description":"La plage de Tropea a \u00e9t\u00e9 classifi\u00e9e par le prestigieux Sunday Times comme une des plus belles plages d\u2019Europe.  Son sable est blanc et fin, sa mer turquoise et cristalline, le fond de la mer est visible aussi \u00e0 une certaine profondeur gr\u00e2ce \u00e0 l\u2019incroyable transparence de l\u2019eau. C\u2019est possible de prendre des bains exceptionnels, longues baignades et pratiquer toutes les activit\u00e9s marines, d\u00e8s la plong\u00e9e jusqu\u2019\u00e0 la p\u00eache.  Ce n\u2019est pas n\u00e9cessaire une voiture, vous pouvez d\u00e9cider si pr\u00e9f\u00e9rer la plage libre ou si se faire g\u00e2ter par un des Lido, en combinant grands restaurants avec tous les services dont vous aviez besoin.","robots":{"index":"index","follow":"follow","max-snippet":"max-snippet:-1","max-image-preview":"max-image-preview:large","max-video-preview":"max-video-preview:-1"},"canonical":"https:\/\/www.ilconvento.com\/fr\/tropea-2\/","og_locale":"fr_FR","og_type":"article","og_title":"Tropea &#8902; Il Convento &#8902;","og_description":"La plage de Tropea a \u00e9t\u00e9 classifi\u00e9e par le prestigieux Sunday Times comme une des plus belles plages d\u2019Europe.  Son sable est blanc et fin, sa mer turquoise et cristalline, le fond de la mer est visible aussi \u00e0 une certaine profondeur gr\u00e2ce \u00e0 l\u2019incroyable transparence de l\u2019eau. C\u2019est possible de prendre des bains exceptionnels, longues baignades et pratiquer toutes les activit\u00e9s marines, d\u00e8s la plong\u00e9e jusqu\u2019\u00e0 la p\u00eache.  Ce n\u2019est pas n\u00e9cessaire une voiture, vous pouvez d\u00e9cider si pr\u00e9f\u00e9rer la plage libre ou si se faire g\u00e2ter par un des Lido, en combinant grands restaurants avec tous les services dont vous aviez besoin.","og_url":"https:\/\/www.ilconvento.com\/fr\/tropea-2\/","og_site_name":"Il Convento","twitter_card":"summary_large_image","twitter_misc":{"Dur\u00e9e de lecture estim\u00e9e":"1 minute"},"schema":{"@context":"https:\/\/schema.org","@graph":[{"@type":"WebPage","@id":"https:\/\/www.ilconvento.com\/fr\/tropea-2\/","url":"https:\/\/www.ilconvento.com\/fr\/tropea-2\/","name":"Tropea &#8902; Il Convento &#8902;","isPartOf":{"@id":"https:\/\/www.ilconvento.com\/fr\/#website"},"datePublished":"2022-04-26T14:34:19+00:00","description":"La plage de Tropea a \u00e9t\u00e9 classifi\u00e9e par le prestigieux Sunday Times comme une des plus belles plages d\u2019Europe. Son sable est blanc et fin, sa mer turquoise et cristalline, le fond de la mer est visible aussi \u00e0 une certaine profondeur gr\u00e2ce \u00e0 l\u2019incroyable transparence de l\u2019eau. C\u2019est possible de prendre des bains exceptionnels, longues baignades et pratiquer toutes les activit\u00e9s marines, d\u00e8s la plong\u00e9e jusqu\u2019\u00e0 la p\u00eache. Ce n\u2019est pas n\u00e9cessaire une voiture, vous pouvez d\u00e9cider si pr\u00e9f\u00e9rer la plage libre ou si se faire g\u00e2ter par un des Lido, en combinant grands restaurants avec tous les services dont vous aviez besoin.","breadcrumb":{"@id":"https:\/\/www.ilconvento.com\/fr\/tropea-2\/#breadcrumb"},"inLanguage":"fr-FR","potentialAction":[{"@type":"ReadAction","target":["https:\/\/www.ilconvento.com\/fr\/tropea-2\/"]}]},{"@type":"BreadcrumbList","@id":"https:\/\/www.ilconvento.com\/fr\/tropea-2\/#breadcrumb","itemListElement":[{"@type":"ListItem","position":1,"name":"Home","item":"https:\/\/www.ilconvento.com\/fr\/"},{"@type":"ListItem","position":2,"name":"Tropea"}]},{"@type":"WebSite","@id":"https:\/\/www.ilconvento.com\/fr\/#website","url":"https:\/\/www.ilconvento.com\/fr\/","name":"Il Convento","description":"Ecco un altro sito ms.decms.eu","potentialAction":[{"@type":"SearchAction","target":{"@type":"EntryPoint","urlTemplate":"https:\/\/www.ilconvento.com\/fr\/?s={search_term_string}"},"query-input":{"@type":"PropertyValueSpecification","valueRequired":true,"valueName":"search_term_string"}}],"inLanguage":"fr-FR"}]}},"acf":[],"_links":{"self":[{"href":"https:\/\/www.ilconvento.com\/fr\/wp-json\/wp\/v2\/pages\/233","targetHints":{"allow":["GET"]}}],"collection":[{"href":"https:\/\/www.ilconvento.com\/fr\/wp-json\/wp\/v2\/pages"}],"about":[{"href":"https:\/\/www.ilconvento.com\/fr\/wp-json\/wp\/v2\/types\/page"}],"author":[{"embeddable":true,"href":"https:\/\/www.ilconvento.com\/fr\/wp-json\/wp\/v2\/users\/13"}],"replies":[{"embeddable":true,"href":"https:\/\/www.ilconvento.com\/fr\/wp-json\/wp\/v2\/comments?post=233"}],"version-history":[{"count":0,"href":"https:\/\/www.ilconvento.com\/fr\/wp-json\/wp\/v2\/pages\/233\/revisions"}],"wp:attachment":[{"href":"https:\/\/www.ilconvento.com\/fr\/wp-json\/wp\/v2\/media?parent=233"}],"curies":[{"name":"wp","href":"https:\/\/api.w.org\/{rel}","templated":true}]}}