{"id":238,"date":"2022-04-26T16:35:46","date_gmt":"2022-04-26T14:35:46","guid":{"rendered":"https:\/\/ilconvento-lp.ms.decms.eu\/?page_id=238"},"modified":"2022-04-26T16:35:46","modified_gmt":"2022-04-26T14:35:46","slug":"tropea-2","status":"publish","type":"page","link":"https:\/\/www.ilconvento.com\/de\/tropea-2\/","title":{"rendered":"Tropea"},"content":{"rendered":"<p>Der Strand von Tropea wurde vom anerkannten Sunday Times Magazine zum besten europ\u00e4ischen Strand gek\u00fcrt.<br \/>\nEr besitzt einen feinen weissen Sand, das Meer ist t\u00fcrkis und glasklar und bietet klare Sicht auf das langsam tiefer werdende Meeresbett. Sie k\u00f6nnen sich Ihre Zeit nehmen beim Baden, Schwimmen solange Sie m\u00f6chten und alle T\u00e4tigkeiten wie Tauchen, Angeln und Bootfahren betreiben.<br \/>\nSie brauchen kein Auto und Sie k\u00f6nnen die \u00f6ffentlichen Str\u00e4nde w\u00e4hlen oder sich an den verschiedenen Strandb\u00e4dern verw\u00f6hnen lassen: eine Kombination aus guten Restaurants und allen Dienstleistungen, die Sie brauchen.<\/p>\n","protected":false},"excerpt":{"rendered":"<p>Der Strand von Tropea wurde vom anerkannten Sunday Times Magazine zum besten europ\u00e4ischen Strand gek\u00fcrt. Er besitzt einen feinen weissen Sand, das Meer ist t\u00fcrkis und glasklar und bietet klare Sicht auf das langsam tiefer werdende Meeresbett. Sie k\u00f6nnen sich Ihre Zeit nehmen beim Baden, Schwimmen solange Sie m\u00f6chten und alle T\u00e4tigkeiten wie Tauchen, Angeln [&hellip;]<\/p>\n","protected":false},"author":13,"featured_media":0,"parent":0,"menu_order":70,"comment_status":"closed","ping_status":"closed","template":"","meta":{"footnotes":""},"class_list":["post-238","page","type-page","status-publish","hentry"],"yoast_head":"<!-- This site is optimized with the Yoast SEO plugin v26.9 - https:\/\/yoast.com\/product\/yoast-seo-wordpress\/ -->\n<title>Tropea &#8902; Il Convento &#8902;<\/title>\n<meta name=\"description\" content=\"Der Strand von Tropea wurde vom anerkannten Sunday Times Magazine zum besten europ\u00e4ischen Strand gek\u00fcrt. Er besitzt einen feinen weissen Sand, das Meer ist t\u00fcrkis und glasklar und bietet klare Sicht auf das langsam tiefer werdende Meeresbett. Sie k\u00f6nnen sich Ihre Zeit nehmen beim Baden, Schwimmen solange Sie m\u00f6chten und alle T\u00e4tigkeiten wie Tauchen, Angeln und Bootfahren betreiben. Sie brauchen kein Auto und Sie k\u00f6nnen die \u00f6ffentlichen Str\u00e4nde w\u00e4hlen oder sich an den verschiedenen Strandb\u00e4dern verw\u00f6hnen lassen: eine Kombination aus guten Restaurants und allen Dienstleistungen, die Sie brauchen.\" \/>\n<meta name=\"robots\" content=\"index, follow, max-snippet:-1, max-image-preview:large, max-video-preview:-1\" \/>\n<link rel=\"canonical\" href=\"https:\/\/www.ilconvento.com\/de\/tropea-2\/\" \/>\n<meta property=\"og:locale\" content=\"de_DE\" \/>\n<meta property=\"og:type\" content=\"article\" \/>\n<meta property=\"og:title\" content=\"Tropea &#8902; Il Convento &#8902;\" \/>\n<meta property=\"og:description\" content=\"Der Strand von Tropea wurde vom anerkannten Sunday Times Magazine zum besten europ\u00e4ischen Strand gek\u00fcrt. Er besitzt einen feinen weissen Sand, das Meer ist t\u00fcrkis und glasklar und bietet klare Sicht auf das langsam tiefer werdende Meeresbett. Sie k\u00f6nnen sich Ihre Zeit nehmen beim Baden, Schwimmen solange Sie m\u00f6chten und alle T\u00e4tigkeiten wie Tauchen, Angeln und Bootfahren betreiben. Sie brauchen kein Auto und Sie k\u00f6nnen die \u00f6ffentlichen Str\u00e4nde w\u00e4hlen oder sich an den verschiedenen Strandb\u00e4dern verw\u00f6hnen lassen: eine Kombination aus guten Restaurants und allen Dienstleistungen, die Sie brauchen.\" \/>\n<meta property=\"og:url\" content=\"https:\/\/www.ilconvento.com\/de\/tropea-2\/\" \/>\n<meta property=\"og:site_name\" content=\"Il Convento\" \/>\n<meta name=\"twitter:card\" content=\"summary_large_image\" \/>\n<meta name=\"twitter:label1\" content=\"Gesch\u00e4tzte Lesezeit\" \/>\n\t<meta name=\"twitter:data1\" content=\"1 Minute\" \/>\n<script type=\"application\/ld+json\" class=\"yoast-schema-graph\">{\"@context\":\"https:\/\/schema.org\",\"@graph\":[{\"@type\":\"WebPage\",\"@id\":\"https:\/\/www.ilconvento.com\/de\/tropea-2\/\",\"url\":\"https:\/\/www.ilconvento.com\/de\/tropea-2\/\",\"name\":\"Tropea &#8902; Il Convento &#8902;\",\"isPartOf\":{\"@id\":\"https:\/\/www.ilconvento.com\/de\/#website\"},\"datePublished\":\"2022-04-26T14:35:46+00:00\",\"description\":\"Der Strand von Tropea wurde vom anerkannten Sunday Times Magazine zum besten europ\u00e4ischen Strand gek\u00fcrt. Er besitzt einen feinen weissen Sand, das Meer ist t\u00fcrkis und glasklar und bietet klare Sicht auf das langsam tiefer werdende Meeresbett. Sie k\u00f6nnen sich Ihre Zeit nehmen beim Baden, Schwimmen solange Sie m\u00f6chten und alle T\u00e4tigkeiten wie Tauchen, Angeln und Bootfahren betreiben. Sie brauchen kein Auto und Sie k\u00f6nnen die \u00f6ffentlichen Str\u00e4nde w\u00e4hlen oder sich an den verschiedenen Strandb\u00e4dern verw\u00f6hnen lassen: eine Kombination aus guten Restaurants und allen Dienstleistungen, die Sie brauchen.\",\"breadcrumb\":{\"@id\":\"https:\/\/www.ilconvento.com\/de\/tropea-2\/#breadcrumb\"},\"inLanguage\":\"de-DE\",\"potentialAction\":[{\"@type\":\"ReadAction\",\"target\":[\"https:\/\/www.ilconvento.com\/de\/tropea-2\/\"]}]},{\"@type\":\"BreadcrumbList\",\"@id\":\"https:\/\/www.ilconvento.com\/de\/tropea-2\/#breadcrumb\",\"itemListElement\":[{\"@type\":\"ListItem\",\"position\":1,\"name\":\"Home\",\"item\":\"https:\/\/www.ilconvento.com\/de\/\"},{\"@type\":\"ListItem\",\"position\":2,\"name\":\"Tropea\"}]},{\"@type\":\"WebSite\",\"@id\":\"https:\/\/www.ilconvento.com\/de\/#website\",\"url\":\"https:\/\/www.ilconvento.com\/de\/\",\"name\":\"Il Convento\",\"description\":\"Ecco un altro sito ms.decms.eu\",\"potentialAction\":[{\"@type\":\"SearchAction\",\"target\":{\"@type\":\"EntryPoint\",\"urlTemplate\":\"https:\/\/www.ilconvento.com\/de\/?s={search_term_string}\"},\"query-input\":{\"@type\":\"PropertyValueSpecification\",\"valueRequired\":true,\"valueName\":\"search_term_string\"}}],\"inLanguage\":\"de-DE\"}]}<\/script>\n<!-- \/ Yoast SEO plugin. -->","yoast_head_json":{"title":"Tropea &#8902; Il Convento &#8902;","description":"Der Strand von Tropea wurde vom anerkannten Sunday Times Magazine zum besten europ\u00e4ischen Strand gek\u00fcrt. Er besitzt einen feinen weissen Sand, das Meer ist t\u00fcrkis und glasklar und bietet klare Sicht auf das langsam tiefer werdende Meeresbett. Sie k\u00f6nnen sich Ihre Zeit nehmen beim Baden, Schwimmen solange Sie m\u00f6chten und alle T\u00e4tigkeiten wie Tauchen, Angeln und Bootfahren betreiben. Sie brauchen kein Auto und Sie k\u00f6nnen die \u00f6ffentlichen Str\u00e4nde w\u00e4hlen oder sich an den verschiedenen Strandb\u00e4dern verw\u00f6hnen lassen: eine Kombination aus guten Restaurants und allen Dienstleistungen, die Sie brauchen.","robots":{"index":"index","follow":"follow","max-snippet":"max-snippet:-1","max-image-preview":"max-image-preview:large","max-video-preview":"max-video-preview:-1"},"canonical":"https:\/\/www.ilconvento.com\/de\/tropea-2\/","og_locale":"de_DE","og_type":"article","og_title":"Tropea &#8902; Il Convento &#8902;","og_description":"Der Strand von Tropea wurde vom anerkannten Sunday Times Magazine zum besten europ\u00e4ischen Strand gek\u00fcrt. Er besitzt einen feinen weissen Sand, das Meer ist t\u00fcrkis und glasklar und bietet klare Sicht auf das langsam tiefer werdende Meeresbett. Sie k\u00f6nnen sich Ihre Zeit nehmen beim Baden, Schwimmen solange Sie m\u00f6chten und alle T\u00e4tigkeiten wie Tauchen, Angeln und Bootfahren betreiben. Sie brauchen kein Auto und Sie k\u00f6nnen die \u00f6ffentlichen Str\u00e4nde w\u00e4hlen oder sich an den verschiedenen Strandb\u00e4dern verw\u00f6hnen lassen: eine Kombination aus guten Restaurants und allen Dienstleistungen, die Sie brauchen.","og_url":"https:\/\/www.ilconvento.com\/de\/tropea-2\/","og_site_name":"Il Convento","twitter_card":"summary_large_image","twitter_misc":{"Gesch\u00e4tzte Lesezeit":"1 Minute"},"schema":{"@context":"https:\/\/schema.org","@graph":[{"@type":"WebPage","@id":"https:\/\/www.ilconvento.com\/de\/tropea-2\/","url":"https:\/\/www.ilconvento.com\/de\/tropea-2\/","name":"Tropea &#8902; Il Convento &#8902;","isPartOf":{"@id":"https:\/\/www.ilconvento.com\/de\/#website"},"datePublished":"2022-04-26T14:35:46+00:00","description":"Der Strand von Tropea wurde vom anerkannten Sunday Times Magazine zum besten europ\u00e4ischen Strand gek\u00fcrt. Er besitzt einen feinen weissen Sand, das Meer ist t\u00fcrkis und glasklar und bietet klare Sicht auf das langsam tiefer werdende Meeresbett. Sie k\u00f6nnen sich Ihre Zeit nehmen beim Baden, Schwimmen solange Sie m\u00f6chten und alle T\u00e4tigkeiten wie Tauchen, Angeln und Bootfahren betreiben. Sie brauchen kein Auto und Sie k\u00f6nnen die \u00f6ffentlichen Str\u00e4nde w\u00e4hlen oder sich an den verschiedenen Strandb\u00e4dern verw\u00f6hnen lassen: eine Kombination aus guten Restaurants und allen Dienstleistungen, die Sie brauchen.","breadcrumb":{"@id":"https:\/\/www.ilconvento.com\/de\/tropea-2\/#breadcrumb"},"inLanguage":"de-DE","potentialAction":[{"@type":"ReadAction","target":["https:\/\/www.ilconvento.com\/de\/tropea-2\/"]}]},{"@type":"BreadcrumbList","@id":"https:\/\/www.ilconvento.com\/de\/tropea-2\/#breadcrumb","itemListElement":[{"@type":"ListItem","position":1,"name":"Home","item":"https:\/\/www.ilconvento.com\/de\/"},{"@type":"ListItem","position":2,"name":"Tropea"}]},{"@type":"WebSite","@id":"https:\/\/www.ilconvento.com\/de\/#website","url":"https:\/\/www.ilconvento.com\/de\/","name":"Il Convento","description":"Ecco un altro sito ms.decms.eu","potentialAction":[{"@type":"SearchAction","target":{"@type":"EntryPoint","urlTemplate":"https:\/\/www.ilconvento.com\/de\/?s={search_term_string}"},"query-input":{"@type":"PropertyValueSpecification","valueRequired":true,"valueName":"search_term_string"}}],"inLanguage":"de-DE"}]}},"acf":[],"_links":{"self":[{"href":"https:\/\/www.ilconvento.com\/de\/wp-json\/wp\/v2\/pages\/238","targetHints":{"allow":["GET"]}}],"collection":[{"href":"https:\/\/www.ilconvento.com\/de\/wp-json\/wp\/v2\/pages"}],"about":[{"href":"https:\/\/www.ilconvento.com\/de\/wp-json\/wp\/v2\/types\/page"}],"author":[{"embeddable":true,"href":"https:\/\/www.ilconvento.com\/de\/wp-json\/wp\/v2\/users\/13"}],"replies":[{"embeddable":true,"href":"https:\/\/www.ilconvento.com\/de\/wp-json\/wp\/v2\/comments?post=238"}],"version-history":[{"count":0,"href":"https:\/\/www.ilconvento.com\/de\/wp-json\/wp\/v2\/pages\/238\/revisions"}],"wp:attachment":[{"href":"https:\/\/www.ilconvento.com\/de\/wp-json\/wp\/v2\/media?parent=238"}],"curies":[{"name":"wp","href":"https:\/\/api.w.org\/{rel}","templated":true}]}}