{"id":203,"date":"2022-04-26T15:32:14","date_gmt":"2022-04-26T13:32:14","guid":{"rendered":"https:\/\/ilconvento-lp.ms.decms.eu\/?page_id=203"},"modified":"2023-04-17T11:30:27","modified_gmt":"2023-04-17T09:30:27","slug":"il-convento-tropea","status":"publish","type":"page","link":"https:\/\/www.ilconvento.com\/de\/","title":{"rendered":"Il Convento \u2013 Tropea"},"content":{"rendered":"<p><em>Kontaktieren Sie uns vor der Buchung, wenn Sie in einem anderen Portal ein besseres Angebot f\u00fcr unsere Unterkunft finden und wir werden unser Bestes tun, um es zu verbessern.<\/em><\/p>\n<p>IlConvento.com bietet exklusive Unterk\u00fcnfte f\u00fcr Ihren Urlaub in Tropea.<\/p>\n<p>Schauen Sie jetzt in unserem <strong><a title=\"Schon Tropea \" href=\"https:\/\/www.youtube.com\/watch?v=JeXVJ8GwDL4\" target=\"_blank\" rel=\"noopener\">Video von Tropea und die Str\u00e4nde<\/a><\/strong> und die <a title=\"Convento della Piet\u00e0 Tropea\" href=\"https:\/\/www.youtube.com\/watch?v=s1GvASOzA2U\" target=\"_blank\" rel=\"noopener\"><strong>geschichte des Convento della Piet\u00e0 entdecken.<\/strong><\/a><\/p>\n<p>&nbsp;<\/p>\n","protected":false},"excerpt":{"rendered":"<p>Kontaktieren Sie uns vor der Buchung, wenn Sie in einem anderen Portal ein besseres Angebot f\u00fcr unsere Unterkunft finden und wir werden unser Bestes tun, um es zu verbessern. IlConvento.com bietet exklusive Unterk\u00fcnfte f\u00fcr Ihren Urlaub in Tropea. Schauen Sie jetzt in unserem Video von Tropea und die Str\u00e4nde und die geschichte des Convento della [&hellip;]<\/p>\n","protected":false},"author":13,"featured_media":0,"parent":0,"menu_order":10,"comment_status":"closed","ping_status":"closed","template":"","meta":{"footnotes":""},"class_list":["post-203","page","type-page","status-publish","hentry"],"yoast_head":"<!-- This site is optimized with the Yoast SEO plugin v26.9 - https:\/\/yoast.com\/product\/yoast-seo-wordpress\/ -->\n<title>Il Convento \u2013 Tropea &#8902; Il Convento &#8902;<\/title>\n<meta name=\"description\" content=\"Kontaktieren Sie uns vor der Buchung, wenn Sie in einem anderen Portal ein besseres Angebot f\u00fcr unsere Unterkunft finden und wir werden unser Bestes tun, um es zu verbessern.  IlConvento.com bietet exklusive Unterk\u00fcnfte f\u00fcr Ihren Urlaub in Tropea.  Schauen Sie jetzt in unserem Video von Tropea und die Str\u00e4nde und die geschichte des Convento della Piet\u00e0 entdecken.  &nbsp;.\" \/>\n<meta name=\"robots\" content=\"index, follow, max-snippet:-1, max-image-preview:large, max-video-preview:-1\" \/>\n<link rel=\"canonical\" href=\"https:\/\/www.ilconvento.com\/de\/\" \/>\n<meta property=\"og:locale\" content=\"de_DE\" \/>\n<meta property=\"og:type\" content=\"article\" \/>\n<meta property=\"og:title\" content=\"Il Convento \u2013 Tropea &#8902; Il Convento &#8902;\" \/>\n<meta property=\"og:description\" content=\"Kontaktieren Sie uns vor der Buchung, wenn Sie in einem anderen Portal ein besseres Angebot f\u00fcr unsere Unterkunft finden und wir werden unser Bestes tun, um es zu verbessern.  IlConvento.com bietet exklusive Unterk\u00fcnfte f\u00fcr Ihren Urlaub in Tropea.  Schauen Sie jetzt in unserem Video von Tropea und die Str\u00e4nde und die geschichte des Convento della Piet\u00e0 entdecken.  &nbsp;.\" \/>\n<meta property=\"og:url\" content=\"https:\/\/www.ilconvento.com\/de\/\" \/>\n<meta property=\"og:site_name\" content=\"Il Convento\" \/>\n<meta property=\"article:modified_time\" content=\"2023-04-17T09:30:27+00:00\" \/>\n<meta name=\"twitter:card\" content=\"summary_large_image\" \/>\n<script type=\"application\/ld+json\" class=\"yoast-schema-graph\">{\"@context\":\"https:\/\/schema.org\",\"@graph\":[{\"@type\":\"WebPage\",\"@id\":\"https:\/\/www.ilconvento.com\/de\/\",\"url\":\"https:\/\/www.ilconvento.com\/de\/\",\"name\":\"Il Convento \u2013 Tropea &#8902; Il Convento &#8902;\",\"isPartOf\":{\"@id\":\"https:\/\/www.ilconvento.com\/de\/#website\"},\"datePublished\":\"2022-04-26T13:32:14+00:00\",\"dateModified\":\"2023-04-17T09:30:27+00:00\",\"description\":\"Kontaktieren Sie uns vor der Buchung, wenn Sie in einem anderen Portal ein besseres Angebot f\u00fcr unsere Unterkunft finden und wir werden unser Bestes tun, um es zu verbessern. IlConvento.com bietet exklusive Unterk\u00fcnfte f\u00fcr Ihren Urlaub in Tropea. Schauen Sie jetzt in unserem Video von Tropea und die Str\u00e4nde und die geschichte des Convento della Piet\u00e0 entdecken. &nbsp;.\",\"breadcrumb\":{\"@id\":\"https:\/\/www.ilconvento.com\/de\/#breadcrumb\"},\"inLanguage\":\"de-DE\",\"potentialAction\":[{\"@type\":\"ReadAction\",\"target\":[\"https:\/\/www.ilconvento.com\/de\/\"]}]},{\"@type\":\"BreadcrumbList\",\"@id\":\"https:\/\/www.ilconvento.com\/de\/#breadcrumb\",\"itemListElement\":[{\"@type\":\"ListItem\",\"position\":1,\"name\":\"Home\",\"item\":\"https:\/\/www.ilconvento.com\/de\/\"},{\"@type\":\"ListItem\",\"position\":2,\"name\":\"Il Convento \u2013 Tropea\"}]},{\"@type\":\"WebSite\",\"@id\":\"https:\/\/www.ilconvento.com\/de\/#website\",\"url\":\"https:\/\/www.ilconvento.com\/de\/\",\"name\":\"Il Convento\",\"description\":\"Ecco un altro sito ms.decms.eu\",\"potentialAction\":[{\"@type\":\"SearchAction\",\"target\":{\"@type\":\"EntryPoint\",\"urlTemplate\":\"https:\/\/www.ilconvento.com\/de\/?s={search_term_string}\"},\"query-input\":{\"@type\":\"PropertyValueSpecification\",\"valueRequired\":true,\"valueName\":\"search_term_string\"}}],\"inLanguage\":\"de-DE\"}]}<\/script>\n<!-- \/ Yoast SEO plugin. -->","yoast_head_json":{"title":"Il Convento \u2013 Tropea &#8902; Il Convento &#8902;","description":"Kontaktieren Sie uns vor der Buchung, wenn Sie in einem anderen Portal ein besseres Angebot f\u00fcr unsere Unterkunft finden und wir werden unser Bestes tun, um es zu verbessern.  IlConvento.com bietet exklusive Unterk\u00fcnfte f\u00fcr Ihren Urlaub in Tropea.  Schauen Sie jetzt in unserem Video von Tropea und die Str\u00e4nde und die geschichte des Convento della Piet\u00e0 entdecken.  &nbsp;.","robots":{"index":"index","follow":"follow","max-snippet":"max-snippet:-1","max-image-preview":"max-image-preview:large","max-video-preview":"max-video-preview:-1"},"canonical":"https:\/\/www.ilconvento.com\/de\/","og_locale":"de_DE","og_type":"article","og_title":"Il Convento \u2013 Tropea &#8902; Il Convento &#8902;","og_description":"Kontaktieren Sie uns vor der Buchung, wenn Sie in einem anderen Portal ein besseres Angebot f\u00fcr unsere Unterkunft finden und wir werden unser Bestes tun, um es zu verbessern.  IlConvento.com bietet exklusive Unterk\u00fcnfte f\u00fcr Ihren Urlaub in Tropea.  Schauen Sie jetzt in unserem Video von Tropea und die Str\u00e4nde und die geschichte des Convento della Piet\u00e0 entdecken.  &nbsp;.","og_url":"https:\/\/www.ilconvento.com\/de\/","og_site_name":"Il Convento","article_modified_time":"2023-04-17T09:30:27+00:00","twitter_card":"summary_large_image","schema":{"@context":"https:\/\/schema.org","@graph":[{"@type":"WebPage","@id":"https:\/\/www.ilconvento.com\/de\/","url":"https:\/\/www.ilconvento.com\/de\/","name":"Il Convento \u2013 Tropea &#8902; Il Convento &#8902;","isPartOf":{"@id":"https:\/\/www.ilconvento.com\/de\/#website"},"datePublished":"2022-04-26T13:32:14+00:00","dateModified":"2023-04-17T09:30:27+00:00","description":"Kontaktieren Sie uns vor der Buchung, wenn Sie in einem anderen Portal ein besseres Angebot f\u00fcr unsere Unterkunft finden und wir werden unser Bestes tun, um es zu verbessern. IlConvento.com bietet exklusive Unterk\u00fcnfte f\u00fcr Ihren Urlaub in Tropea. Schauen Sie jetzt in unserem Video von Tropea und die Str\u00e4nde und die geschichte des Convento della Piet\u00e0 entdecken. &nbsp;.","breadcrumb":{"@id":"https:\/\/www.ilconvento.com\/de\/#breadcrumb"},"inLanguage":"de-DE","potentialAction":[{"@type":"ReadAction","target":["https:\/\/www.ilconvento.com\/de\/"]}]},{"@type":"BreadcrumbList","@id":"https:\/\/www.ilconvento.com\/de\/#breadcrumb","itemListElement":[{"@type":"ListItem","position":1,"name":"Home","item":"https:\/\/www.ilconvento.com\/de\/"},{"@type":"ListItem","position":2,"name":"Il Convento \u2013 Tropea"}]},{"@type":"WebSite","@id":"https:\/\/www.ilconvento.com\/de\/#website","url":"https:\/\/www.ilconvento.com\/de\/","name":"Il Convento","description":"Ecco un altro sito ms.decms.eu","potentialAction":[{"@type":"SearchAction","target":{"@type":"EntryPoint","urlTemplate":"https:\/\/www.ilconvento.com\/de\/?s={search_term_string}"},"query-input":{"@type":"PropertyValueSpecification","valueRequired":true,"valueName":"search_term_string"}}],"inLanguage":"de-DE"}]}},"acf":[],"_links":{"self":[{"href":"https:\/\/www.ilconvento.com\/de\/wp-json\/wp\/v2\/pages\/203","targetHints":{"allow":["GET"]}}],"collection":[{"href":"https:\/\/www.ilconvento.com\/de\/wp-json\/wp\/v2\/pages"}],"about":[{"href":"https:\/\/www.ilconvento.com\/de\/wp-json\/wp\/v2\/types\/page"}],"author":[{"embeddable":true,"href":"https:\/\/www.ilconvento.com\/de\/wp-json\/wp\/v2\/users\/13"}],"replies":[{"embeddable":true,"href":"https:\/\/www.ilconvento.com\/de\/wp-json\/wp\/v2\/comments?post=203"}],"version-history":[{"count":0,"href":"https:\/\/www.ilconvento.com\/de\/wp-json\/wp\/v2\/pages\/203\/revisions"}],"wp:attachment":[{"href":"https:\/\/www.ilconvento.com\/de\/wp-json\/wp\/v2\/media?parent=203"}],"curies":[{"name":"wp","href":"https:\/\/api.w.org\/{rel}","templated":true}]}}